{"id":3383,"date":"2023-09-07T09:01:25","date_gmt":"2023-09-07T09:01:25","guid":{"rendered":"https:\/\/p-hjcvl0.project.space\/imprint\/"},"modified":"2026-04-21T09:40:35","modified_gmt":"2026-04-21T09:40:35","slug":"imprint","status":"publish","type":"page","link":"https:\/\/www.innseals.at\/en\/imprint\/","title":{"rendered":"Imprint"},"content":{"rendered":"\t\t<div data-elementor-type=\"wp-page\" data-elementor-id=\"3383\" class=\"elementor elementor-3383 elementor-19\" data-elementor-settings=\"{&quot;ha_cmc_init_switcher&quot;:&quot;no&quot;}\" data-elementor-post-type=\"page\">\n\t\t\t\t\t\t<section class=\"elementor-section elementor-top-section elementor-element elementor-element-2010581 elementor-section-boxed elementor-section-height-default elementor-section-height-default\" data-id=\"2010581\" data-element_type=\"section\" data-settings=\"{&quot;_ha_eqh_enable&quot;:false}\">\n\t\t\t\t\t\t<div class=\"elementor-container elementor-column-gap-default\">\n\t\t\t\t\t<div class=\"elementor-column elementor-col-100 elementor-top-column elementor-element elementor-element-99e0043\" data-id=\"99e0043\" data-element_type=\"column\">\n\t\t\t<div class=\"elementor-widget-wrap elementor-element-populated\">\n\t\t\t\t\t\t<div class=\"elementor-element elementor-element-b871e36 elementor-widget elementor-widget-heading\" data-id=\"b871e36\" data-element_type=\"widget\" data-widget_type=\"heading.default\">\n\t\t\t\t<div class=\"elementor-widget-container\">\n\t\t\t\t\t<h1 class=\"elementor-heading-title elementor-size-default\">Imprint<\/h1>\t\t\t\t<\/div>\n\t\t\t\t<\/div>\n\t\t\t\t<div class=\"elementor-element elementor-element-f99bc57 elementor-widget elementor-widget-text-editor\" data-id=\"f99bc57\" data-element_type=\"widget\" data-widget_type=\"text-editor.default\">\n\t\t\t\t<div class=\"elementor-widget-container\">\n\t\t\t\t\t\t\t\t\t<div class=\"elementor-element elementor-element-ed47f7f elementor-widget elementor-widget-shortcode\" data-id=\"ed47f7f\" data-element_type=\"widget\" data-widget_type=\"shortcode.default\">\n<div class=\"elementor-widget-container\">\n<div class=\"elementor-shortcode\">\n<p>Innseals Dichtungstechnik GmbH<br>Executive director: Andreas Sch\u00fclling<br>Waldm\u00fcllerstra\u00dfe 1<br>4910 Ried<br>Austria<br>Email:&nbsp;<a href=\"mailto:office@innseals.at\">office@innseals.at<\/a><br>Phone: +43 7751 21301<br>Shareholder: Innseals Industries GmbH<br>Register Court &amp; Register Number: Landgericht Ried im Innkreis FN522667d<br>Sales tax identification number: ATU74901868<\/p>\n<p>Responsible for content: Innseals Dichtungstechnik GmbH<\/p>\n<p>European Commission Online Dispute Resolution (OS) platform for consumers:&nbsp;<a href=\"https:\/\/ec.europa.eu\/consumers\/odr\/\" target=\"_blank\" rel=\"noopener\">https:\/\/ec.europa.eu\/consumers\/odr\/<\/a>. We are not willing or obliged to participate in a dispute settlement procedure before a consumer arbitration board.<\/p>\n<\/div>\n<\/div>\n<\/div>\n<div class=\"elementor-element elementor-element-b6d9b3e elementor-widget elementor-widget-text-editor\" data-id=\"b6d9b3e\" data-element_type=\"widget\" data-widget_type=\"text-editor.default\">\n<div class=\"elementor-widget-container\">\n<p>D-U-N-S Number: 300601431<br>EORI Number: ATEOS1000100801<\/p>\n<\/div>\n<\/div>\n<div class=\"elementor-element elementor-element-bcf88dc elementor-widget elementor-widget-text-editor\" data-id=\"bcf88dc\" data-element_type=\"widget\" data-widget_type=\"text-editor.default\">\n<div class=\"elementor-widget-container\">\n<p><strong>Design and realization<\/strong><br>Hammerer GmbH<br>Riedauer Stra\u00dfe 48<br>4910 Ried im Innkreis<br>E-Mail:&nbsp;<a href=\"mailto:office@hammerer.at\">office@hammerer.at<\/a><br>Web:&nbsp;<a href=\"http:\/\/www.hammerer.at\/\" target=\"_blank\" rel=\"noopener\">www.hammerer.at<\/a><\/p>\n<\/div>\n<\/div>\t\t\t\t\t\t\t\t<\/div>\n\t\t\t\t<\/div>\n\t\t\t\t\t<\/div>\n\t\t<\/div>\n\t\t\t\t\t<\/div>\n\t\t<\/section>\n\t\t\t\t<\/div>\n\t\t","protected":false},"excerpt":{"rendered":"<p>Imprint Innseals Dichtungstechnik GmbHExecutive director: Andreas Sch\u00fcllingWaldm\u00fcllerstra\u00dfe 14910 RiedAustriaEmail:&nbsp;office@innseals.atPhone: +43 7751 21301Shareholder: Innseals Industries GmbHRegister Court &amp; Register Number: Landgericht Ried im Innkreis FN522667dSales tax identification number: ATU74901868 Responsible for content: Innseals Dichtungstechnik GmbH European Commission Online Dispute Resolution (OS) platform for consumers:&nbsp;https:\/\/ec.europa.eu\/consumers\/odr\/. We are not willing or obliged to participate in a dispute settlement [&hellip;]<\/p>\n","protected":false},"author":85,"featured_media":0,"parent":0,"menu_order":0,"comment_status":"closed","ping_status":"closed","template":"","meta":{"_acf_changed":false,"site-sidebar-layout":"no-sidebar","site-content-layout":"","ast-site-content-layout":"full-width-container","site-content-style":"default","site-sidebar-style":"default","ast-global-header-display":"","ast-banner-title-visibility":"","ast-main-header-display":"","ast-hfb-above-header-display":"","ast-hfb-below-header-display":"","ast-hfb-mobile-header-display":"","site-post-title":"disabled","ast-breadcrumbs-content":"","ast-featured-img":"disabled","footer-sml-layout":"","ast-disable-related-posts":"","theme-transparent-header-meta":"","adv-header-id-meta":"","stick-header-meta":"","header-above-stick-meta":"","header-main-stick-meta":"","header-below-stick-meta":"","astra-migrate-meta-layouts":"default","ast-page-background-enabled":"default","ast-page-background-meta":{"desktop":{"background-color":"var(--ast-global-color-4)","background-image":"","background-repeat":"repeat","background-position":"center center","background-size":"auto","background-attachment":"scroll","background-type":"","background-media":"","overlay-type":"","overlay-color":"","overlay-opacity":"","overlay-gradient":""},"tablet":{"background-color":"","background-image":"","background-repeat":"repeat","background-position":"center center","background-size":"auto","background-attachment":"scroll","background-type":"","background-media":"","overlay-type":"","overlay-color":"","overlay-opacity":"","overlay-gradient":""},"mobile":{"background-color":"","background-image":"","background-repeat":"repeat","background-position":"center center","background-size":"auto","background-attachment":"scroll","background-type":"","background-media":"","overlay-type":"","overlay-color":"","overlay-opacity":"","overlay-gradient":""}},"ast-content-background-meta":{"desktop":{"background-color":"var(--ast-global-color-5)","background-image":"","background-repeat":"repeat","background-position":"center center","background-size":"auto","background-attachment":"scroll","background-type":"","background-media":"","overlay-type":"","overlay-color":"","overlay-opacity":"","overlay-gradient":""},"tablet":{"background-color":"var(--ast-global-color-5)","background-image":"","background-repeat":"repeat","background-position":"center center","background-size":"auto","background-attachment":"scroll","background-type":"","background-media":"","overlay-type":"","overlay-color":"","overlay-opacity":"","overlay-gradient":""},"mobile":{"background-color":"var(--ast-global-color-5)","background-image":"","background-repeat":"repeat","background-position":"center center","background-size":"auto","background-attachment":"scroll","background-type":"","background-media":"","overlay-type":"","overlay-color":"","overlay-opacity":"","overlay-gradient":""}},"footnotes":""},"class_list":["post-3383","page","type-page","status-publish","hentry"],"acf":[],"_links":{"self":[{"href":"https:\/\/www.innseals.at\/en\/wp-json\/wp\/v2\/pages\/3383","targetHints":{"allow":["GET"]}}],"collection":[{"href":"https:\/\/www.innseals.at\/en\/wp-json\/wp\/v2\/pages"}],"about":[{"href":"https:\/\/www.innseals.at\/en\/wp-json\/wp\/v2\/types\/page"}],"author":[{"embeddable":true,"href":"https:\/\/www.innseals.at\/en\/wp-json\/wp\/v2\/users\/85"}],"replies":[{"embeddable":true,"href":"https:\/\/www.innseals.at\/en\/wp-json\/wp\/v2\/comments?post=3383"}],"version-history":[{"count":3,"href":"https:\/\/www.innseals.at\/en\/wp-json\/wp\/v2\/pages\/3383\/revisions"}],"predecessor-version":[{"id":5028,"href":"https:\/\/www.innseals.at\/en\/wp-json\/wp\/v2\/pages\/3383\/revisions\/5028"}],"wp:attachment":[{"href":"https:\/\/www.innseals.at\/en\/wp-json\/wp\/v2\/media?parent=3383"}],"curies":[{"name":"wp","href":"https:\/\/api.w.org\/{rel}","templated":true}]}}